{"id":48,"date":"2019-03-03T06:13:44","date_gmt":"2019-03-03T06:13:44","guid":{"rendered":"http:\/\/18.235.150.199\/?page_id=48"},"modified":"2021-01-13T03:22:03","modified_gmt":"2021-01-13T03:22:03","slug":"testimonials","status":"publish","type":"page","link":"https:\/\/laurenspeechtherapy.com\/index.php\/testimonials\/","title":{"rendered":"Testimonials"},"content":{"rendered":"\n<h2>&#8220;Profound knowledge about Autism&#8221;<\/h2>\n\n\n\n<p>Lauren is a great therapist and above all a great human being that will follow your child and your whole family needs. She has helped us immensely in a very practical way with our issues we had with our special needs child with a respectful and loving attitude. She is passionate about helping our son and our whole family and could addressed us easily to our next steps on our Autism journey. I cannot recommend her enough! She has a profound knowledge and her way of working leaves us equipped and with clear steps to put into practice in our daily lives and taking advantage of spontaneous and daily activities and opportunities that arises. No difficult assignments or complicated programs to follow. Everything based on a profound knowledge about Autism. Thank you from the bottom our hearts Lauren! &#8211; Mariela <\/p>\n\n\n\n<h2>&#8220;Amazing with children&#8221;<\/h2>\n\n\n\n<p>Lauren is just amazing with children. She is compassionate, patient and persevering. She truly cares about her work and honestly believes in the impact it will have in your child\u2019s life. She started treating our son when he was less than a year old. She would spent the entire time working with him and would engage him even when it was difficult to do, which was most of the time. She would give us great advise and reassurance, she would also answer to the best of her knowledge all of our many questions. Our son loved seeing her and playing with her, and even though he would get distracted easily, she would always find a way to get his attention. It was truly incredible to see her work and to see our son\u2019s progress throughout the years. She stayed with us for about 3 years after which we moved out of state. We tried to convince her to come with us but she had a family of her own and couldn\u2019t move \ud83d\ude09 Now almost 3 years after finishing therapy, our son is doing very well, and we couldn\u2019t be more thankful to Lauren for all the help she provided. I would strongly recommend her services, I cannot emphasize enough her dedication and how much that affects the outcome of her work.\u00a0&#8211; Anonymous <\/p>\n\n\n\n<h2>&#8220;Se esfuerza por dar lo mejor&#8221;<\/h2>\n\n\n\n<p>He trabajado con ella por m\u00e1s de 2 a\u0144os y lo que m\u00e1s me gusta es su profesionalismo porque es una terpista que brinda mucha informaci\u00f3n y le pone importante a cada una de su cita , mi experiencia muy agradable por que se esfuerza por dar lo mejor en cada cita , muy pocas terapista muestran inter\u00e9s Deverdad por los ni\u00f1os y Lauren realmente lleva un registro del avance de cada ni\u0144o , en pocas palabras hace su trabajo con amor ! Lo que me gustar\u00eda decirles a las otras familias es : que es una persona que desempe\u0144a muy bien su trabajo con amor y profecionalismo y aparte habla Espa\u0144ol \ud83d\ude0a &#8211; Dulce<\/p>\n\n\n\n<h2>&#8220;Tiene esa conexi\u00f3n y confianza con mi hijo&#8221;<\/h2>\n\n\n\n<p>&#8220;Me gust\u00f3 como tiene esa conexi\u00f3n y confianza con mi hijo , est\u00e1 actualiza con diferentes mecanismos que le ayudan a aprender , te da tips y muy buenas herramientas para que tu como mam\u00e1 le puedas ayudar , no solo cuando ella est\u00e1 presente sino en el futuro y si la verdad es que mi hijo aprendi\u00f3 y avanzo a una velocidad que no lo esper\u00e1bamos gracias x ser nuestro apoyo.&#8221; &#8211; Violeta <\/p>\n\n\n\n<h2>&#8220;Improve our kid&#8217;s life&#8221;<\/h2>\n\n\n\n<p>&#8220;I like all the knowledge and experience that Lauren has and shares with all the team involved in the therapy. She is very creative. She manages to transfer the knowledge to parents, other therapists and the kids as well. She has passion for what she does. She always brings strategies to improve our kid\u2019s life and therefore we experience a better quality of life.&#8221; &#8211; Sonia<\/p>\n\n\n\n<h2>&#8220;Es s\u00faper especial&#8221;<\/h2>\n\n\n\n<p>Lauren es una persona muy paciente ,con mucha experiencia ,se ve los ni\u00f1os le importan de verdad.  Mi hijo Javier la quiere much\u00edsimo el se siente muy c\u00f3modo con Lauren.   Me encanta su trabajo su forma de ser su amabilidad y su personal la recomiendo mucho ella es s\u00faper especial es la mejor &#8211; Fabiola.<\/p>\n\n\n\n<h2>&#8220;Gracias a dios por mandarme a un \u00c1ngel&#8221;<\/h2>\n\n\n\n<p>Primeramente quiero darle gracias a dios por mandarme a un \u00c1ngel a la vida de mi hijo con su paciencia y dedicaci\u00f3n mi hijo a avanzado bastante gracias miss lauren por tu profesionalismo dios te bendiga.  &#8211; Tania <\/p>\n\n\n\n<h2>&#8220;Tiene la experiencia y paciencia&#8221;<\/h2>\n\n\n\n<p>Tiene la experiencia y paciencia para trabajar con ninos que a veces no estan enfocados y muchas veces prefieren rutinas &#8211; Sabrina.<\/p>\n\n\n\n<h2>&#8220;Ella es una excelente terapista&#8221;<\/h2>\n\n\n\n<p>Lo que me ha gustado de ella es que es muy profesional en su trabajo, siempre asiste a las citas de terapia y\/o avisa cuando va a llegar tarde o cancela con tiempo anticipado si es que no puede atender la terapia. He tenido la mejor de las experiencias ya que a mi hijo lo ayudo a hablar y a tener mejor comunicaci\u00f3n todo gracias a la paciencia, t\u00e9cnica y tem\u00e1tica que ella utiliza para con mi hijo.  Me gustar\u00eda decirles a los padres de familia que para m\u00ed ella es una excelente terapista, que se enfoca a las necesidades del ni\u00f1o y si ella mira alguna necesidad m\u00e1s por atender ella ayuda a que el ni\u00f1o  reciba la atenci\u00f3n &#8211; Marcela. <\/p>\n\n\n\n<h2>&#8220;Amazing with our son&#8221;<\/h2>\n\n\n\n<p>Lauren was amazing with our son. She always remained positive and talked about his progress as he improved. She never made us feel like he wasn\u2019t improving; even little wins are wins! We loved her attitude throughout the whole interaction. She gave us so many helpful tips and tricks and we really felt like we were moving forward! Anyone would love to have Lauren as a therapist. She\u2019s positive and upbeat &#8211; she will keep you updated throughout the process and is very flexible! &#8211; Melanie <\/p>\n\n\n\n<h2>&#8220;I appreciate Lauren&#8217;s patience and her wisdom&#8221;<\/h2>\n\n\n\n<p>With Lauren&#8217;s help my son Haadi was able to respond more to our instructions, be interactive during playtime, communicate his needs with gestures, imitate us, label things and much more that was earlier difficult for him. I appreciate Lauren&#8217;s patience and also her wisdom and her use of different methods to keep Haadi engaged in play and help him enjoy what he was doing. I would suggest having Lauren as a speech therapist to any parent who is concerned about their kid&#8217;s speech delay. She knows exactly what is needed to be done. &#8211; Samreen<\/p>\n\n\n\n<h2>&#8220;Guided us as parents&#8221;<\/h2>\n\n\n\n<p>We are so very happy to have worked with Lauren! She helped tremendously with our son\u2019s speech and also helped guide us in other areas. Lauren is very knowledgeable, patient, kind and helpful. Highly recommend Lauren! She not only helped our son but she also guided us as parents.  &#8211; Anonymous <\/p>\n","protected":false},"excerpt":{"rendered":"<p>&#8220;Profound knowledge about Autism&#8221; Lauren is a great therapist and above all a great human being that will follow your child and your whole family needs. She has helped us immensely in a very practical way with our issues we had with our special needs child with a respectful and loving attitude. She is passionate [&hellip;]<\/p>\n","protected":false},"author":1,"featured_media":0,"parent":0,"menu_order":0,"comment_status":"closed","ping_status":"closed","template":"","meta":[],"_links":{"self":[{"href":"https:\/\/laurenspeechtherapy.com\/index.php\/wp-json\/wp\/v2\/pages\/48"}],"collection":[{"href":"https:\/\/laurenspeechtherapy.com\/index.php\/wp-json\/wp\/v2\/pages"}],"about":[{"href":"https:\/\/laurenspeechtherapy.com\/index.php\/wp-json\/wp\/v2\/types\/page"}],"author":[{"embeddable":true,"href":"https:\/\/laurenspeechtherapy.com\/index.php\/wp-json\/wp\/v2\/users\/1"}],"replies":[{"embeddable":true,"href":"https:\/\/laurenspeechtherapy.com\/index.php\/wp-json\/wp\/v2\/comments?post=48"}],"version-history":[{"count":14,"href":"https:\/\/laurenspeechtherapy.com\/index.php\/wp-json\/wp\/v2\/pages\/48\/revisions"}],"predecessor-version":[{"id":635,"href":"https:\/\/laurenspeechtherapy.com\/index.php\/wp-json\/wp\/v2\/pages\/48\/revisions\/635"}],"wp:attachment":[{"href":"https:\/\/laurenspeechtherapy.com\/index.php\/wp-json\/wp\/v2\/media?parent=48"}],"curies":[{"name":"wp","href":"https:\/\/api.w.org\/{rel}","templated":true}]}}